{"id":11406,"date":"2019-02-25T15:08:38","date_gmt":"2019-02-25T20:08:38","guid":{"rendered":"http:\/\/birdaz.com\/blog\/?page_id=11406"},"modified":"2019-02-25T15:08:38","modified_gmt":"2019-02-25T20:08:38","slug":"canyon-towhee-melozone-fusca","status":"publish","type":"page","link":"http:\/\/birdaz.com\/blog\/canyon-towhee-melozone-fusca\/","title":{"rendered":"Canyon Towhee, Melozone fusca"},"content":{"rendered":"\n<p><strong><a href=\"https:\/\/www.biodiversitylibrary.org\/item\/53108#page\/450\/mode\/1up\">Original\u00a0description<\/a>:\u00a0<\/strong><em>Pipilo\u00a0fusca<\/em>\u00a0Swainson\u00a01827<\/p>\n\n\n\n<p><strong><a href=\"https:\/\/ebird.org\/map\/cantow?neg=true&amp;env.minX=-154.37148259953165&amp;env.minY=-16.697753284472373&amp;env.maxX=29.730087053025727&amp;env.maxY=57.701120021340294&amp;zh=true&amp;gp=false&amp;ev=Z&amp;mr=1-12&amp;bmo=1&amp;emo=12&amp;yr=all&amp;byr=1900&amp;eyr=2019\">eBird range map<\/a><\/strong><\/p>\n\n\n\n<p><strong><a href=\"https:\/\/avibase.bsc-eoc.org\/species.jsp?lang=EN&amp;avibaseid=FE69A9C4A6199DE8\">Taxonomic\u00a0history\u00a0at\u00a0Avibase<\/a><\/strong><\/p>\n\n\n\n<p><strong>Taxonomic\u00a0history\u00a0in\u00a0<\/strong><a href=\"https:\/\/www.biodiversitylibrary.org\/search.aspx?searchTerm=Check-list%20of%20birds&amp;searchCat=T&amp;lang=&amp;lname=American%20Ornithologists'%20Union&amp;vol=&amp;ed=&amp;yr=&amp;subj=&amp;col=&amp;tMax=0&amp;aMax=0&amp;nMax=0&amp;sMax=0&amp;segMax=0&amp;sort=date#\/titles\"><strong>AOU\/AOS Check-list<\/strong><\/a><strong>\u00a0<\/strong><\/p>\n\n\n\n<p>AOU 1 (1886): Ca\u00f1on Towhee, <em>Pipilo fuscus mesoleucus<\/em><\/p>\n\n\n\n<p>AOU 2 (1895): Ca\u00f1on Towhee, <em>Pipilo fuscus mesoleucus<\/em><\/p>\n\n\n\n<p>AOU 3 (1910): Ca\u00f1on Towhee, <em>Pipilo fuscus mesoleucus<\/em><\/p>\n\n\n\n<p>AOU 4 (1931): Ca\u00f1on Towhee, <em>Pipilo fuscus mesoleucus<\/em><\/p>\n\n\n\n<p>AOU 5 (1957): Brown Towhee, <em>Pipilo fuscus mesoleucus, Pipilo fuscus relictus, Pipilo fuscus mesatus, Pipilo fuscus texanus<\/em><\/p>\n\n\n\n<p>AOU 6 (1983): Brown Towhee, <em>Pipilo fuscus<\/em> [<em>fuscus <\/em>group]<\/p>\n\n\n\n<p>AOU 7\u00a0(1998): Canyon Towhee, <em>Pipilo fuscus<\/em><\/p>\n\n\n\n<p><strong><a href=\"https:\/\/www.iucnredlist.org\/species\/22721331\/132144389\">IUCN Conservation\u00a0Status<\/a>: <\/strong>Of\u00a0least\u00a0concern<\/p>\n\n\n\n<p>For the most part, the rocky slopes favored by this species are relatively safe from development pressure. Where houses and other structures have been built in Canyon Towhee habitat, the birds seem in many cases to continue feeding and breeding undisturbed.\u00a0<strong>\u00a0<\/strong><\/p>\n\n\n\n<p><strong>Behavior:\u00a0<\/strong>Canyon Towhees are not shy, and quickly grow accustomed to human presence, even begging for crumbs in picnic areas and foraging happily beneath, on, and occasionally even in parked vehicles. Feeding birds move with a shuffling hop on the ground, indifferently beneath bushes or on open, even graveled ground; this species is less inclined to scratch through leaf litter than other towhees. Startled, they may break into a run for a few feet, then return to hopping in search of seeds and tiny insects.&nbsp;<\/p>\n\n\n\n<p>Canyon Towhees spend far more time on the ground or in low shrubs than they do in flight, usually flying only a few feet before taking a perch. The flight is weak and fluttering, on noticeably short, rounded wings; the long tail is usually held fairly steady in flight, but may be dipped or slightly flared just before landing.\u00a0<\/p>\n\n\n\n<p>The male\u2019s song is delivered from an exposed perch atop a tall bush, low tree, picnic shelter, or vehicle. Southern races may take higher perches to sing.<\/p>\n\n\n\n<p><strong>Voice:\u00a0<\/strong>The most commonly heard vocalization is a loud, low-pitched <em>djump<\/em>, calling to mind the less abruptly explosive, higher-pitched <em>chimp <\/em>of the Song Sparrow, but with a decidedly squeaky overtone, especially at the beginning of the note. At times it is drawn out into two stuttering syllables, <em>sd-jump<\/em>. This call is often given by feeding birds, on the ground or in low vegetation, and is sometimes the first clue to the presence of the species. Individuals hiding in denser brush usually switch to a long, hissing <em>tseee<\/em>, similar to the corresponding call of the Abert and California Towhees but without the discordant buzz of the note given by the Spotted Towhee.&nbsp;<\/p>\n\n\n\n<p> Like the Abert and California Towhees, this species also has a reunion greeting, a very loud, accelerating series of squealing chips and rattles given \u201cdozens of times\u201d each day in affirmation of the bond joining a mated pair, typically uttered when the pair moves from feeding site to feeding site on its \u201cforage beat.\u201d Harsh and grating, the duet is not usually given in perfect synchrony, but with one bird\u2019s performance set off by a split second from the other\u2019s, thus doubling all of the notes. Each bird\u2019s part begins with a few abrupt hissing notes, which are followed by a hoarse, rasping cackle: <em>tee-tee-ckackacka<\/em>.\u00a0<\/p>\n\n\n\n<p>The song of the Canyon Towhee is a simple and cheerful series of sweet slurred whistles, often introduced by one or two <em>djump<\/em> notes. The slurred series is often broken into two phrases, one\u2014whether the first or the second\u2014faster than the other. The effect can be surprisingly cardinal-like, especially when it is the latter half of the song that is sung faster. Shorter songs without a change in tempo can closely recall the song of a Pyrrhuloxia. A single individual male is capable of songs of both types.<\/p>\n\n\n\n<p><strong>Detailed\u00a0description\u00a0and\u00a0measurements\u00a0<\/strong><em>drawn\u00a0from\u00a0standard\u00a0reference\u00a0works<\/em><\/p>\n\n\n\n<p><strong>Adult<\/strong> <em>Melozone fusca potosina<\/em>: Tail feathers dusky brown. Upper tail coverts and rump slightly paler, sometimes with faint pale feather tips. Rump, back, and nape grayish brown, slightly paler than flight feathers of wing and, especially, tail. Primaries, secondaries, and tertials dusky brown. Greater and median coverts dusky brown, sometimes with faint pale tips. Undertail coverts and vent dull pale buffy. Flanks and sides of breast pale grayish brown. Belly and breast whitish, breast fading to dull buffy towards throat. Throat pale buff, separated from breast by irregular necklace of short dusky streaks and from dusky-flecked buffy jaw stripe by thin, incomplete blackish lateral throat stripe. Crown with variable rusty tinge. Ear coverts grayish brown, vaguely bordered beneath by buffy extension of jaw stripe. Lore pale buffy or whitish. Narrow but conspicuous eye ring whitish below and behind eye, faintly buffier above and in front of eye. Bill dull gray above, pale brownish or yellowish pink below. Tarsus and toes brown, the tarsus with a pink blush.  \u00a0<\/p>\n\n\n\n<p><strong>Juvenile<\/strong> <em>Melozone fusca potosina<\/em>: Underparts more extensively spotted and streaked than in adult. Upper tail coverts and greater and median coverts with distinct yellowish tips.\u00a0<\/p>\n\n\n\n<p><strong>Length<\/strong> 193-198 mm (7.6-7.8 inches)<\/p>\n\n\n\n<p><strong>Wing chord<\/strong> 89-95 mm (3.5-3.7 inches)<\/p>\n\n\n\n<p><strong>Tail<\/strong> 93-95 mm (3.7 inches)<\/p>\n\n\n\n<p><strong>W:T<\/strong> 1.0<\/p>\n","protected":false},"excerpt":{"rendered":"<p>Original\u00a0description:\u00a0Pipilo\u00a0fusca\u00a0Swainson\u00a01827 eBird range map Taxonomic\u00a0history\u00a0at\u00a0Avibase Taxonomic\u00a0history\u00a0in\u00a0AOU\/AOS Check-list\u00a0 AOU 1 (1886): Ca\u00f1on Towhee, Pipilo fuscus mesoleucus AOU 2 (1895): Ca\u00f1on Towhee, Pipilo fuscus mesoleucus AOU 3 (1910): Ca\u00f1on Towhee, Pipilo fuscus mesoleucus AOU 4 (1931): Ca\u00f1on Towhee, Pipilo fuscus mesoleucus AOU 5 (1957): Brown Towhee, Pipilo fuscus mesoleucus, Pipilo fuscus relictus, Pipilo fuscus mesatus, Pipilo fuscus &hellip; <\/p>\n<p class=\"link-more\"><a href=\"http:\/\/birdaz.com\/blog\/canyon-towhee-melozone-fusca\/\" class=\"more-link\">Continue reading<span class=\"screen-reader-text\"> &#8220;Canyon Towhee, Melozone fusca&#8221;<\/span><\/a><\/p>\n","protected":false},"author":1,"featured_media":0,"parent":0,"menu_order":0,"comment_status":"closed","ping_status":"closed","template":"","meta":{"footnotes":""},"_links":{"self":[{"href":"http:\/\/birdaz.com\/blog\/wp-json\/wp\/v2\/pages\/11406"}],"collection":[{"href":"http:\/\/birdaz.com\/blog\/wp-json\/wp\/v2\/pages"}],"about":[{"href":"http:\/\/birdaz.com\/blog\/wp-json\/wp\/v2\/types\/page"}],"author":[{"embeddable":true,"href":"http:\/\/birdaz.com\/blog\/wp-json\/wp\/v2\/users\/1"}],"replies":[{"embeddable":true,"href":"http:\/\/birdaz.com\/blog\/wp-json\/wp\/v2\/comments?post=11406"}],"version-history":[{"count":1,"href":"http:\/\/birdaz.com\/blog\/wp-json\/wp\/v2\/pages\/11406\/revisions"}],"predecessor-version":[{"id":11407,"href":"http:\/\/birdaz.com\/blog\/wp-json\/wp\/v2\/pages\/11406\/revisions\/11407"}],"wp:attachment":[{"href":"http:\/\/birdaz.com\/blog\/wp-json\/wp\/v2\/media?parent=11406"}],"curies":[{"name":"wp","href":"https:\/\/api.w.org\/{rel}","templated":true}]}}